{"id":26,"date":"2019-09-26T01:28:54","date_gmt":"2019-09-26T01:28:54","guid":{"rendered":"http:\/\/phoenixbeckum.de\/?page_id=26"},"modified":"2023-02-28T18:55:19","modified_gmt":"2023-02-28T18:55:19","slug":"der-verein","status":"publish","type":"page","link":"http:\/\/phoenixbeckum.de\/?page_id=26","title":{"rendered":"Der Verein"},"content":{"rendered":"\t\t<div data-elementor-type=\"wp-page\" data-elementor-id=\"26\" class=\"elementor elementor-26\" data-elementor-settings=\"[]\">\n\t\t\t\t\t\t<div class=\"elementor-inner\">\n\t\t\t\t\t\t\t<div class=\"elementor-section-wrap\">\n\t\t\t\t\t\t\t<section class=\"elementor-section elementor-top-section elementor-element elementor-element-0c6ead8 elementor-section-content-middle elementor-section-full_width elementor-section-height-default elementor-section-height-default\" data-id=\"0c6ead8\" data-element_type=\"section\">\n\t\t\t\t\t\t<div class=\"elementor-container elementor-column-gap-no\">\n\t\t\t\t\t\t\t<div class=\"elementor-row\">\n\t\t\t\t\t<div class=\"elementor-column elementor-col-100 elementor-top-column elementor-element elementor-element-30d7cda\" data-id=\"30d7cda\" data-element_type=\"column\">\n\t\t\t<div class=\"elementor-column-wrap elementor-element-populated\">\n\t\t\t\t\t\t\t<div class=\"elementor-widget-wrap\">\n\t\t\t\t\t\t<div class=\"elementor-element elementor-element-5e5004c elementor-widget elementor-widget-image\" data-id=\"5e5004c\" data-element_type=\"widget\" data-widget_type=\"image.default\">\n\t\t\t\t<div class=\"elementor-widget-container\">\n\t\t\t\t\t<div class=\"elementor-image\">\n\t\t\t\t\t\t\t\t\t\t<img loading=\"lazy\" decoding=\"async\" width=\"1920\" height=\"1080\" src=\"http:\/\/phoenixbeckum.de\/wp-content\/uploads\/2023\/02\/Discgolf_Gruppenfoto2022_2.jpg\" class=\"attachment-full size-full\" alt=\"\" srcset=\"http:\/\/phoenixbeckum.de\/wp-content\/uploads\/2023\/02\/Discgolf_Gruppenfoto2022_2.jpg 1920w, http:\/\/phoenixbeckum.de\/wp-content\/uploads\/2023\/02\/Discgolf_Gruppenfoto2022_2-300x169.jpg 300w, http:\/\/phoenixbeckum.de\/wp-content\/uploads\/2023\/02\/Discgolf_Gruppenfoto2022_2-1024x576.jpg 1024w, http:\/\/phoenixbeckum.de\/wp-content\/uploads\/2023\/02\/Discgolf_Gruppenfoto2022_2-768x432.jpg 768w, http:\/\/phoenixbeckum.de\/wp-content\/uploads\/2023\/02\/Discgolf_Gruppenfoto2022_2-1536x864.jpg 1536w\" sizes=\"(max-width: 1920px) 100vw, 1920px\" \/>\t\t\t\t\t\t\t\t\t\t\t<\/div>\n\t\t\t\t<\/div>\n\t\t\t\t<\/div>\n\t\t\t\t\t\t<\/div>\n\t\t\t\t\t<\/div>\n\t\t<\/div>\n\t\t\t\t\t\t\t\t<\/div>\n\t\t\t\t\t<\/div>\n\t\t<\/section>\n\t\t\t\t<section class=\"elementor-section elementor-top-section elementor-element elementor-element-b060680 elementor-section-content-middle elementor-section-boxed elementor-section-height-default elementor-section-height-default\" data-id=\"b060680\" data-element_type=\"section\" data-settings=\"{&quot;background_background&quot;:&quot;classic&quot;}\">\n\t\t\t\t\t\t<div class=\"elementor-container elementor-column-gap-no\">\n\t\t\t\t\t\t\t<div class=\"elementor-row\">\n\t\t\t\t\t<div class=\"elementor-column elementor-col-100 elementor-top-column elementor-element elementor-element-b5fdca5\" data-id=\"b5fdca5\" data-element_type=\"column\">\n\t\t\t<div class=\"elementor-column-wrap elementor-element-populated\">\n\t\t\t\t\t\t\t<div class=\"elementor-widget-wrap\">\n\t\t\t\t\t\t<div class=\"elementor-element elementor-element-0a96bc8 elementor-widget elementor-widget-heading\" data-id=\"0a96bc8\" data-element_type=\"widget\" data-widget_type=\"heading.default\">\n\t\t\t\t<div class=\"elementor-widget-container\">\n\t\t\t<h3 class=\"elementor-heading-title elementor-size-default\">Phoenix Beckum Discgolf<\/h3>\t\t<\/div>\n\t\t\t\t<\/div>\n\t\t\t\t<div class=\"elementor-element elementor-element-0422797 elementor-widget elementor-widget-text-editor\" data-id=\"0422797\" data-element_type=\"widget\" data-widget_type=\"text-editor.default\">\n\t\t\t\t<div class=\"elementor-widget-container\">\n\t\t\t\t\t<div class=\"elementor-text-editor elementor-clearfix\"><p>Begr\u00fcndet auf einer Schnapsidee wurde 2015 der Verein von Christian Morrisse und Nils Weise aus der Taufe gehoben. Wie es dazu kam, m\u00f6chten wir Euch kurz erz\u00e4hlen.<\/p><\/div>\n\t\t\t\t<\/div>\n\t\t\t\t<\/div>\n\t\t\t\t<section class=\"elementor-section elementor-inner-section elementor-element elementor-element-4642c49 elementor-section-boxed elementor-section-height-default elementor-section-height-default\" data-id=\"4642c49\" data-element_type=\"section\">\n\t\t\t\t\t\t<div class=\"elementor-container elementor-column-gap-default\">\n\t\t\t\t\t\t\t<div class=\"elementor-row\">\n\t\t\t\t\t<div class=\"elementor-column elementor-col-50 elementor-inner-column elementor-element elementor-element-ae8fe3d\" data-id=\"ae8fe3d\" data-element_type=\"column\">\n\t\t\t<div class=\"elementor-column-wrap elementor-element-populated\">\n\t\t\t\t\t\t\t<div class=\"elementor-widget-wrap\">\n\t\t\t\t\t\t<div class=\"elementor-element elementor-element-63be571 elementor-widget elementor-widget-text-editor\" data-id=\"63be571\" data-element_type=\"widget\" data-widget_type=\"text-editor.default\">\n\t\t\t\t<div class=\"elementor-widget-container\">\n\t\t\t\t\t<div class=\"elementor-text-editor elementor-clearfix\"><p>Eigentlich wollten Christian und Nils Bauerngolf in Herford ausprobieren. Nach weiterer Recherche stellte sich heraus, dass dort auch Discgolf angeboten wird. Eine Freundin machte uns daraufhin auf bereits vorhandene K\u00f6rbe im Aktivpark Phoenix in Beckum aufmerksam, die einige Jahre zuvor der M\u00fcnsteraner Werner Szybalski dort auf eigene Faust installiert hatte. Dies ist der erste Beckumer Discgolf-Meilenstein.<\/p><\/div>\n\t\t\t\t<\/div>\n\t\t\t\t<\/div>\n\t\t\t\t\t\t<\/div>\n\t\t\t\t\t<\/div>\n\t\t<\/div>\n\t\t\t\t<div class=\"elementor-column elementor-col-50 elementor-inner-column elementor-element elementor-element-fa58306\" data-id=\"fa58306\" data-element_type=\"column\">\n\t\t\t<div class=\"elementor-column-wrap elementor-element-populated\">\n\t\t\t\t\t\t\t<div class=\"elementor-widget-wrap\">\n\t\t\t\t\t\t<div class=\"elementor-element elementor-element-0d19986 elementor-widget elementor-widget-text-editor\" data-id=\"0d19986\" data-element_type=\"widget\" data-widget_type=\"text-editor.default\">\n\t\t\t\t<div class=\"elementor-widget-container\">\n\t\t\t\t\t<div class=\"elementor-text-editor elementor-clearfix\"><p>Nach einer kurzen Testphase fuhren wir nach L\u00fcnen und trafen direkt auf Hartmut Wahrmann, der uns den Sport auf 12 Bahnen im Seepark n\u00e4her brachte. Das Erlebnis war also der zweite Meilenstein und wir m\u00fcssen Hartl und Werner an dieser Stelle unseren Dank aussprechen &#8211; denn ohne die Beiden und ihre initiale Betreuung w\u00e4re unser Verein wahrscheinlich nicht entstanden.<\/p><\/div>\n\t\t\t\t<\/div>\n\t\t\t\t<\/div>\n\t\t\t\t\t\t<\/div>\n\t\t\t\t\t<\/div>\n\t\t<\/div>\n\t\t\t\t\t\t\t\t<\/div>\n\t\t\t\t\t<\/div>\n\t\t<\/section>\n\t\t\t\t<div class=\"elementor-element elementor-element-5008fbb elementor-widget elementor-widget-text-editor\" data-id=\"5008fbb\" data-element_type=\"widget\" data-widget_type=\"text-editor.default\">\n\t\t\t\t<div class=\"elementor-widget-container\">\n\t\t\t\t\t<div class=\"elementor-text-editor elementor-clearfix\"><p>In einem abschlie\u00dfenden Schritt trat Morisse an den lokalen Sportverein heran um eine zuk\u00fcnftige Zusammenarbeit zu vereinbaren. Seitdem operiert Phoenix Beckum Discgolf unter der Schirmherrschaft des <a href=\"https:\/\/www.tv-beckum.de\" target=\"_blank\" rel=\"noopener\"><strong>TV Beckum 1892 e.V.<\/strong><\/a><\/p><\/div>\n\t\t\t\t<\/div>\n\t\t\t\t<\/div>\n\t\t\t\t\t\t<\/div>\n\t\t\t\t\t<\/div>\n\t\t<\/div>\n\t\t\t\t\t\t\t\t<\/div>\n\t\t\t\t\t<\/div>\n\t\t<\/section>\n\t\t\t\t<section class=\"elementor-section elementor-top-section elementor-element elementor-element-efc52c0 elementor-section-boxed elementor-section-height-default elementor-section-height-default\" data-id=\"efc52c0\" data-element_type=\"section\" data-settings=\"{&quot;background_background&quot;:&quot;classic&quot;}\">\n\t\t\t\t\t\t\t<div class=\"elementor-background-overlay\"><\/div>\n\t\t\t\t\t\t\t<div class=\"elementor-container elementor-column-gap-no\">\n\t\t\t\t\t\t\t<div class=\"elementor-row\">\n\t\t\t\t\t<div class=\"elementor-column elementor-col-33 elementor-top-column elementor-element elementor-element-bebd477\" data-id=\"bebd477\" data-element_type=\"column\">\n\t\t\t<div class=\"elementor-column-wrap elementor-element-populated\">\n\t\t\t\t\t\t\t<div class=\"elementor-widget-wrap\">\n\t\t\t\t\t\t<div class=\"elementor-element elementor-element-501de60 elementor-vertical-align-middle elementor-position-top elementor-widget elementor-widget-image-box\" data-id=\"501de60\" data-element_type=\"widget\" data-widget_type=\"image-box.default\">\n\t\t\t\t<div class=\"elementor-widget-container\">\n\t\t\t<div class=\"elementor-image-box-wrapper\"><figure class=\"elementor-image-box-img\"><img loading=\"lazy\" decoding=\"async\" width=\"464\" height=\"464\" src=\"http:\/\/phoenixbeckum.de\/wp-content\/uploads\/2019\/10\/Morre.png\" class=\"attachment-full size-full\" alt=\"\" srcset=\"http:\/\/phoenixbeckum.de\/wp-content\/uploads\/2019\/10\/Morre.png 464w, http:\/\/phoenixbeckum.de\/wp-content\/uploads\/2019\/10\/Morre-150x150.png 150w, http:\/\/phoenixbeckum.de\/wp-content\/uploads\/2019\/10\/Morre-300x300.png 300w\" sizes=\"(max-width: 464px) 100vw, 464px\" \/><\/figure><div class=\"elementor-image-box-content\"><h3 class=\"elementor-image-box-title\">Christian Morisse<\/h3><p class=\"elementor-image-box-description\">1. Vorstand<\/p><\/div><\/div>\t\t<\/div>\n\t\t\t\t<\/div>\n\t\t\t\t<div class=\"elementor-element elementor-element-9325b1e elementor-shape-rounded elementor-grid-0 elementor-widget elementor-widget-social-icons\" data-id=\"9325b1e\" data-element_type=\"widget\" data-widget_type=\"social-icons.default\">\n\t\t\t\t<div class=\"elementor-widget-container\">\n\t\t\t\t\t<div class=\"elementor-social-icons-wrapper elementor-grid\">\n\t\t\t\t\t\t\t<div class=\"elementor-grid-item\">\n\t\t\t\t\t<a class=\"elementor-icon elementor-social-icon elementor-social-icon-facebook-f elementor-animation-grow elementor-repeater-item-8b93740\" href=\"https:\/\/www.facebook.com\/derMorre\" target=\"_blank\">\n\t\t\t\t\t\t<span class=\"elementor-screen-only\">Facebook-f<\/span>\n\t\t\t\t\t\t<i class=\"fab fa-facebook-f\"><\/i>\t\t\t\t\t<\/a>\n\t\t\t\t<\/div>\n\t\t\t\t\t\t\t<div class=\"elementor-grid-item\">\n\t\t\t\t\t<a class=\"elementor-icon elementor-social-icon elementor-social-icon-envelope elementor-animation-grow elementor-repeater-item-177f3fc\" href=\"mailto:christian.morisse@tv-beckum.de\" target=\"_blank\">\n\t\t\t\t\t\t<span class=\"elementor-screen-only\">Envelope<\/span>\n\t\t\t\t\t\t<i class=\"fas fa-envelope\"><\/i>\t\t\t\t\t<\/a>\n\t\t\t\t<\/div>\n\t\t\t\t\t<\/div>\n\t\t\t\t<\/div>\n\t\t\t\t<\/div>\n\t\t\t\t\t\t<\/div>\n\t\t\t\t\t<\/div>\n\t\t<\/div>\n\t\t\t\t<div class=\"elementor-column elementor-col-33 elementor-top-column elementor-element elementor-element-000f994\" data-id=\"000f994\" data-element_type=\"column\">\n\t\t\t<div class=\"elementor-column-wrap elementor-element-populated\">\n\t\t\t\t\t\t\t<div class=\"elementor-widget-wrap\">\n\t\t\t\t\t\t<div class=\"elementor-element elementor-element-42ea41a elementor-vertical-align-middle elementor-position-top elementor-widget elementor-widget-image-box\" data-id=\"42ea41a\" data-element_type=\"widget\" data-widget_type=\"image-box.default\">\n\t\t\t\t<div class=\"elementor-widget-container\">\n\t\t\t<div class=\"elementor-image-box-wrapper\"><figure class=\"elementor-image-box-img\"><img loading=\"lazy\" decoding=\"async\" width=\"501\" height=\"501\" src=\"http:\/\/phoenixbeckum.de\/wp-content\/uploads\/2019\/10\/basti.png\" class=\"attachment-full size-full\" alt=\"\" srcset=\"http:\/\/phoenixbeckum.de\/wp-content\/uploads\/2019\/10\/basti.png 501w, http:\/\/phoenixbeckum.de\/wp-content\/uploads\/2019\/10\/basti-150x150.png 150w, http:\/\/phoenixbeckum.de\/wp-content\/uploads\/2019\/10\/basti-300x300.png 300w\" sizes=\"(max-width: 501px) 100vw, 501px\" \/><\/figure><div class=\"elementor-image-box-content\"><h3 class=\"elementor-image-box-title\">Sebastian Ansahl<\/h3><p class=\"elementor-image-box-description\">2. Vorstand<\/p><\/div><\/div>\t\t<\/div>\n\t\t\t\t<\/div>\n\t\t\t\t<div class=\"elementor-element elementor-element-d581a1c elementor-shape-rounded elementor-grid-0 elementor-widget elementor-widget-social-icons\" data-id=\"d581a1c\" data-element_type=\"widget\" data-widget_type=\"social-icons.default\">\n\t\t\t\t<div class=\"elementor-widget-container\">\n\t\t\t\t\t<div class=\"elementor-social-icons-wrapper elementor-grid\">\n\t\t\t\t\t\t\t<div class=\"elementor-grid-item\">\n\t\t\t\t\t<a class=\"elementor-icon elementor-social-icon elementor-social-icon-facebook-f elementor-animation-grow elementor-repeater-item-8b93740\" href=\"https:\/\/www.facebook.com\/sebastian.ansahl\" target=\"_blank\">\n\t\t\t\t\t\t<span class=\"elementor-screen-only\">Facebook-f<\/span>\n\t\t\t\t\t\t<i class=\"fab fa-facebook-f\"><\/i>\t\t\t\t\t<\/a>\n\t\t\t\t<\/div>\n\t\t\t\t\t\t\t<div class=\"elementor-grid-item\">\n\t\t\t\t\t<a class=\"elementor-icon elementor-social-icon elementor-social-icon-envelope elementor-animation-grow elementor-repeater-item-177f3fc\" href=\"mailto:seb.ansahl@googlemail.com\" target=\"_blank\">\n\t\t\t\t\t\t<span class=\"elementor-screen-only\">Envelope<\/span>\n\t\t\t\t\t\t<i class=\"fas fa-envelope\"><\/i>\t\t\t\t\t<\/a>\n\t\t\t\t<\/div>\n\t\t\t\t\t<\/div>\n\t\t\t\t<\/div>\n\t\t\t\t<\/div>\n\t\t\t\t\t\t<\/div>\n\t\t\t\t\t<\/div>\n\t\t<\/div>\n\t\t\t\t<div class=\"elementor-column elementor-col-33 elementor-top-column elementor-element elementor-element-5dbf95f\" data-id=\"5dbf95f\" data-element_type=\"column\">\n\t\t\t<div class=\"elementor-column-wrap elementor-element-populated\">\n\t\t\t\t\t\t\t<div class=\"elementor-widget-wrap\">\n\t\t\t\t\t\t<div class=\"elementor-element elementor-element-f3d690f elementor-vertical-align-middle elementor-position-top elementor-widget elementor-widget-image-box\" data-id=\"f3d690f\" data-element_type=\"widget\" data-widget_type=\"image-box.default\">\n\t\t\t\t<div class=\"elementor-widget-container\">\n\t\t\t<div class=\"elementor-image-box-wrapper\"><figure class=\"elementor-image-box-img\"><img loading=\"lazy\" decoding=\"async\" width=\"439\" height=\"439\" src=\"http:\/\/phoenixbeckum.de\/wp-content\/uploads\/2019\/10\/nils.png\" class=\"attachment-full size-full\" alt=\"\" srcset=\"http:\/\/phoenixbeckum.de\/wp-content\/uploads\/2019\/10\/nils.png 439w, http:\/\/phoenixbeckum.de\/wp-content\/uploads\/2019\/10\/nils-150x150.png 150w, http:\/\/phoenixbeckum.de\/wp-content\/uploads\/2019\/10\/nils-300x300.png 300w\" sizes=\"(max-width: 439px) 100vw, 439px\" \/><\/figure><div class=\"elementor-image-box-content\"><h3 class=\"elementor-image-box-title\">Nils Weise<\/h3><p class=\"elementor-image-box-description\">Media<\/p><\/div><\/div>\t\t<\/div>\n\t\t\t\t<\/div>\n\t\t\t\t<div class=\"elementor-element elementor-element-68f45de elementor-shape-rounded elementor-grid-0 elementor-widget elementor-widget-social-icons\" data-id=\"68f45de\" data-element_type=\"widget\" data-widget_type=\"social-icons.default\">\n\t\t\t\t<div class=\"elementor-widget-container\">\n\t\t\t\t\t<div class=\"elementor-social-icons-wrapper elementor-grid\">\n\t\t\t\t\t\t\t<div class=\"elementor-grid-item\">\n\t\t\t\t\t<a class=\"elementor-icon elementor-social-icon elementor-social-icon-facebook-f elementor-animation-grow elementor-repeater-item-8b93740\" href=\"https:\/\/www.facebook.com\/nils.weise.39\" target=\"_blank\">\n\t\t\t\t\t\t<span class=\"elementor-screen-only\">Facebook-f<\/span>\n\t\t\t\t\t\t<i class=\"fab fa-facebook-f\"><\/i>\t\t\t\t\t<\/a>\n\t\t\t\t<\/div>\n\t\t\t\t\t\t\t<div class=\"elementor-grid-item\">\n\t\t\t\t\t<a class=\"elementor-icon elementor-social-icon elementor-social-icon-envelope elementor-animation-grow elementor-repeater-item-177f3fc\" href=\"mailto:nilsweise@outlook.de\" target=\"_blank\">\n\t\t\t\t\t\t<span class=\"elementor-screen-only\">Envelope<\/span>\n\t\t\t\t\t\t<i class=\"fas fa-envelope\"><\/i>\t\t\t\t\t<\/a>\n\t\t\t\t<\/div>\n\t\t\t\t\t<\/div>\n\t\t\t\t<\/div>\n\t\t\t\t<\/div>\n\t\t\t\t\t\t<\/div>\n\t\t\t\t\t<\/div>\n\t\t<\/div>\n\t\t\t\t\t\t\t\t<\/div>\n\t\t\t\t\t<\/div>\n\t\t<\/section>\n\t\t\t\t\t\t<\/div>\n\t\t\t\t\t\t<\/div>\n\t\t\t\t\t<\/div>\n\t\t","protected":false},"excerpt":{"rendered":"<p>Phoenix Beckum Discgolf Begr\u00fcndet auf einer Schnapsidee wurde 2015 der Verein von Christian Morrisse und Nils Weise aus der Taufe gehoben. Wie es dazu kam, m\u00f6chten wir Euch kurz erz\u00e4hlen. Eigentlich wollten Christian und Nils Bauerngolf in Herford ausprobieren. Nach weiterer Recherche stellte sich heraus, dass dort auch Discgolf angeboten wird. Eine Freundin machte uns&hellip;&nbsp;<a href=\"http:\/\/phoenixbeckum.de\/?page_id=26\" class=\"\" rel=\"bookmark\">Weiterlesen &raquo;<span class=\"screen-reader-text\">Der Verein<\/span><\/a><\/p>\n","protected":false},"author":1,"featured_media":23,"parent":0,"menu_order":0,"comment_status":"closed","ping_status":"closed","template":"elementor_header_footer","meta":{"neve_meta_sidebar":"default","neve_meta_container":"default","neve_meta_enable_content_width":"off","neve_meta_content_width":70,"neve_meta_title_alignment":"","neve_meta_author_avatar":"","neve_post_elements_order":"","neve_meta_disable_header":"off","neve_meta_disable_footer":"off","neve_meta_disable_title":"off","footnotes":""},"_links":{"self":[{"href":"http:\/\/phoenixbeckum.de\/index.php?rest_route=\/wp\/v2\/pages\/26"}],"collection":[{"href":"http:\/\/phoenixbeckum.de\/index.php?rest_route=\/wp\/v2\/pages"}],"about":[{"href":"http:\/\/phoenixbeckum.de\/index.php?rest_route=\/wp\/v2\/types\/page"}],"author":[{"embeddable":true,"href":"http:\/\/phoenixbeckum.de\/index.php?rest_route=\/wp\/v2\/users\/1"}],"replies":[{"embeddable":true,"href":"http:\/\/phoenixbeckum.de\/index.php?rest_route=%2Fwp%2Fv2%2Fcomments&post=26"}],"version-history":[{"count":44,"href":"http:\/\/phoenixbeckum.de\/index.php?rest_route=\/wp\/v2\/pages\/26\/revisions"}],"predecessor-version":[{"id":1273,"href":"http:\/\/phoenixbeckum.de\/index.php?rest_route=\/wp\/v2\/pages\/26\/revisions\/1273"}],"wp:featuredmedia":[{"embeddable":true,"href":"http:\/\/phoenixbeckum.de\/index.php?rest_route=\/wp\/v2\/media\/23"}],"wp:attachment":[{"href":"http:\/\/phoenixbeckum.de\/index.php?rest_route=%2Fwp%2Fv2%2Fmedia&parent=26"}],"curies":[{"name":"wp","href":"https:\/\/api.w.org\/{rel}","templated":true}]}}