{"id":28,"date":"2019-09-26T01:29:07","date_gmt":"2019-09-26T01:29:07","guid":{"rendered":"http:\/\/phoenixbeckum.de\/?page_id=28"},"modified":"2019-12-14T14:25:09","modified_gmt":"2019-12-14T14:25:09","slug":"der-parcours","status":"publish","type":"page","link":"http:\/\/phoenixbeckum.de\/?page_id=28","title":{"rendered":"Der Parcours"},"content":{"rendered":"\t\t<div data-elementor-type=\"wp-page\" data-elementor-id=\"28\" class=\"elementor elementor-28\" data-elementor-settings=\"[]\">\n\t\t\t\t\t\t<div class=\"elementor-inner\">\n\t\t\t\t\t\t\t<div class=\"elementor-section-wrap\">\n\t\t\t\t\t\t\t<section class=\"elementor-section elementor-top-section elementor-element elementor-element-39a04c8 elementor-section-content-middle elementor-section-full_width elementor-section-height-default elementor-section-height-default\" data-id=\"39a04c8\" data-element_type=\"section\" data-settings=\"{&quot;background_background&quot;:&quot;classic&quot;}\">\n\t\t\t\t\t\t<div class=\"elementor-container elementor-column-gap-no\">\n\t\t\t\t\t\t\t<div class=\"elementor-row\">\n\t\t\t\t\t<div class=\"elementor-column elementor-col-100 elementor-top-column elementor-element elementor-element-77bfe5eb\" data-id=\"77bfe5eb\" data-element_type=\"column\">\n\t\t\t<div class=\"elementor-column-wrap elementor-element-populated\">\n\t\t\t\t\t\t\t<div class=\"elementor-widget-wrap\">\n\t\t\t\t\t\t<div class=\"elementor-element elementor-element-5a74038e elementor-widget elementor-widget-image\" data-id=\"5a74038e\" data-element_type=\"widget\" data-widget_type=\"image.default\">\n\t\t\t\t<div class=\"elementor-widget-container\">\n\t\t\t\t\t<div class=\"elementor-image\">\n\t\t\t\t\t\t\t\t\t\t<img loading=\"lazy\" decoding=\"async\" width=\"1920\" height=\"850\" src=\"http:\/\/phoenixbeckum.de\/wp-content\/uploads\/2019\/10\/PhoenixBeckum_Eingangsschild_2.png\" class=\"attachment-full size-full\" alt=\"\" srcset=\"http:\/\/phoenixbeckum.de\/wp-content\/uploads\/2019\/10\/PhoenixBeckum_Eingangsschild_2.png 1920w, http:\/\/phoenixbeckum.de\/wp-content\/uploads\/2019\/10\/PhoenixBeckum_Eingangsschild_2-300x133.png 300w, http:\/\/phoenixbeckum.de\/wp-content\/uploads\/2019\/10\/PhoenixBeckum_Eingangsschild_2-768x340.png 768w, http:\/\/phoenixbeckum.de\/wp-content\/uploads\/2019\/10\/PhoenixBeckum_Eingangsschild_2-1024x453.png 1024w\" sizes=\"(max-width: 1920px) 100vw, 1920px\" \/>\t\t\t\t\t\t\t\t\t\t\t<\/div>\n\t\t\t\t<\/div>\n\t\t\t\t<\/div>\n\t\t\t\t\t\t<\/div>\n\t\t\t\t\t<\/div>\n\t\t<\/div>\n\t\t\t\t\t\t\t\t<\/div>\n\t\t\t\t\t<\/div>\n\t\t<\/section>\n\t\t\t\t<section class=\"elementor-section elementor-top-section elementor-element elementor-element-33e0c2e elementor-section-content-middle elementor-section-boxed elementor-section-height-default elementor-section-height-default\" data-id=\"33e0c2e\" data-element_type=\"section\" data-settings=\"{&quot;background_background&quot;:&quot;classic&quot;}\">\n\t\t\t\t\t\t<div class=\"elementor-container elementor-column-gap-no\">\n\t\t\t\t\t\t\t<div class=\"elementor-row\">\n\t\t\t\t\t<div class=\"elementor-column elementor-col-100 elementor-top-column elementor-element elementor-element-56cc96c\" data-id=\"56cc96c\" data-element_type=\"column\">\n\t\t\t<div class=\"elementor-column-wrap elementor-element-populated\">\n\t\t\t\t\t\t\t<div class=\"elementor-widget-wrap\">\n\t\t\t\t\t\t<div class=\"elementor-element elementor-element-1472b88 elementor-widget elementor-widget-heading\" data-id=\"1472b88\" data-element_type=\"widget\" data-widget_type=\"heading.default\">\n\t\t\t\t<div class=\"elementor-widget-container\">\n\t\t\t<h3 class=\"elementor-heading-title elementor-size-default\">Discgolf im Aktivpark Phoenix<\/h3>\t\t<\/div>\n\t\t\t\t<\/div>\n\t\t\t\t<div class=\"elementor-element elementor-element-b13ce34 elementor-widget elementor-widget-text-editor\" data-id=\"b13ce34\" data-element_type=\"widget\" data-widget_type=\"text-editor.default\">\n\t\t\t\t<div class=\"elementor-widget-container\">\n\t\t\t\t\t<div class=\"elementor-text-editor elementor-clearfix\"><p>Unser Parcours in Beckum bietet sowohl f\u00fcr fortgeschrittene Discgolfer als auch f\u00fcr Anf\u00e4nger ein ansprechendes Discgolferlebnis.<\/p><\/div>\n\t\t\t\t<\/div>\n\t\t\t\t<\/div>\n\t\t\t\t<section class=\"elementor-section elementor-inner-section elementor-element elementor-element-6352dd3 elementor-section-boxed elementor-section-height-default elementor-section-height-default\" data-id=\"6352dd3\" data-element_type=\"section\">\n\t\t\t\t\t\t<div class=\"elementor-container elementor-column-gap-default\">\n\t\t\t\t\t\t\t<div class=\"elementor-row\">\n\t\t\t\t\t<div class=\"elementor-column elementor-col-50 elementor-inner-column elementor-element elementor-element-ae48339\" data-id=\"ae48339\" data-element_type=\"column\">\n\t\t\t<div class=\"elementor-column-wrap elementor-element-populated\">\n\t\t\t\t\t\t\t<div class=\"elementor-widget-wrap\">\n\t\t\t\t\t\t<div class=\"elementor-element elementor-element-f77f797 elementor-widget elementor-widget-text-editor\" data-id=\"f77f797\" data-element_type=\"widget\" data-widget_type=\"text-editor.default\">\n\t\t\t\t<div class=\"elementor-widget-container\">\n\t\t\t\t\t<div class=\"elementor-text-editor elementor-clearfix\"><p>Den von Werner Szybalski errichteten Basisparcours in der rechten Parkh\u00e4lfte haben wir 2016 auf den ganzen Park erweitert und somit auf insgesamt 12 Bahnen ausgebaut.\u00a0<\/p><\/div>\n\t\t\t\t<\/div>\n\t\t\t\t<\/div>\n\t\t\t\t\t\t<\/div>\n\t\t\t\t\t<\/div>\n\t\t<\/div>\n\t\t\t\t<div class=\"elementor-column elementor-col-50 elementor-inner-column elementor-element elementor-element-25d64e6\" data-id=\"25d64e6\" data-element_type=\"column\">\n\t\t\t<div class=\"elementor-column-wrap elementor-element-populated\">\n\t\t\t\t\t\t\t<div class=\"elementor-widget-wrap\">\n\t\t\t\t\t\t<div class=\"elementor-element elementor-element-262c89f elementor-widget elementor-widget-text-editor\" data-id=\"262c89f\" data-element_type=\"widget\" data-widget_type=\"text-editor.default\">\n\t\t\t\t<div class=\"elementor-widget-container\">\n\t\t\t\t\t<div class=\"elementor-text-editor elementor-clearfix\"><p>Der zur Sommersaison ge\u00f6ffnete Kiosk bietet eine Rundumversorgund von der Currywurst bis zum Eiscaf\u00e9. Ein gepflegtes Kaltgetr\u00e4nk haucht bei warmen Temperaturen auch dem Schw\u00e4chsten wieder Leben ein.\u00a0<\/p><\/div>\n\t\t\t\t<\/div>\n\t\t\t\t<\/div>\n\t\t\t\t\t\t<\/div>\n\t\t\t\t\t<\/div>\n\t\t<\/div>\n\t\t\t\t\t\t\t\t<\/div>\n\t\t\t\t\t<\/div>\n\t\t<\/section>\n\t\t\t\t<div class=\"elementor-element elementor-element-c01bb9c gallery-spacing-custom elementor-widget elementor-widget-image-gallery\" data-id=\"c01bb9c\" data-element_type=\"widget\" data-widget_type=\"image-gallery.default\">\n\t\t\t\t<div class=\"elementor-widget-container\">\n\t\t\t\t\t<div class=\"elementor-image-gallery\">\n\t\t\t<div id='gallery-1' class='gallery galleryid-28 gallery-columns-6 gallery-size-medium_large'><dl class='gallery-item'>\n\t\t\t<dt class='gallery-icon portrait'>\n\t\t\t\t<a data-elementor-open-lightbox=\"no\" href='http:\/\/phoenixbeckum.de\/wp-content\/uploads\/2019\/10\/Bahnschilder_3_Preview3.jpg'><img loading=\"lazy\" decoding=\"async\" width=\"768\" height=\"1086\" src=\"http:\/\/phoenixbeckum.de\/wp-content\/uploads\/2019\/10\/Bahnschilder_3_Preview3-768x1086.jpg\" class=\"attachment-medium_large size-medium_large\" alt=\"\" srcset=\"http:\/\/phoenixbeckum.de\/wp-content\/uploads\/2019\/10\/Bahnschilder_3_Preview3-768x1086.jpg 768w, http:\/\/phoenixbeckum.de\/wp-content\/uploads\/2019\/10\/Bahnschilder_3_Preview3-212x300.jpg 212w, http:\/\/phoenixbeckum.de\/wp-content\/uploads\/2019\/10\/Bahnschilder_3_Preview3-724x1024.jpg 724w, http:\/\/phoenixbeckum.de\/wp-content\/uploads\/2019\/10\/Bahnschilder_3_Preview3.jpg 1240w\" sizes=\"(max-width: 768px) 100vw, 768px\" \/><\/a>\n\t\t\t<\/dt><\/dl><dl class='gallery-item'>\n\t\t\t<dt class='gallery-icon portrait'>\n\t\t\t\t<a data-elementor-open-lightbox=\"no no\" href='http:\/\/phoenixbeckum.de\/wp-content\/uploads\/2019\/10\/Bahnschilder_3_Preview4.jpg'><img loading=\"lazy\" decoding=\"async\" width=\"768\" height=\"1086\" src=\"http:\/\/phoenixbeckum.de\/wp-content\/uploads\/2019\/10\/Bahnschilder_3_Preview4-768x1086.jpg\" class=\"attachment-medium_large size-medium_large\" alt=\"\" srcset=\"http:\/\/phoenixbeckum.de\/wp-content\/uploads\/2019\/10\/Bahnschilder_3_Preview4-768x1086.jpg 768w, http:\/\/phoenixbeckum.de\/wp-content\/uploads\/2019\/10\/Bahnschilder_3_Preview4-212x300.jpg 212w, http:\/\/phoenixbeckum.de\/wp-content\/uploads\/2019\/10\/Bahnschilder_3_Preview4-724x1024.jpg 724w, http:\/\/phoenixbeckum.de\/wp-content\/uploads\/2019\/10\/Bahnschilder_3_Preview4.jpg 1240w\" sizes=\"(max-width: 768px) 100vw, 768px\" \/><\/a>\n\t\t\t<\/dt><\/dl><dl class='gallery-item'>\n\t\t\t<dt class='gallery-icon portrait'>\n\t\t\t\t<a data-elementor-open-lightbox=\"no no no\" href='http:\/\/phoenixbeckum.de\/wp-content\/uploads\/2019\/11\/Bahnschilder_3_Preview5.jpg'><img loading=\"lazy\" decoding=\"async\" width=\"768\" height=\"1086\" src=\"http:\/\/phoenixbeckum.de\/wp-content\/uploads\/2019\/11\/Bahnschilder_3_Preview5-768x1086.jpg\" class=\"attachment-medium_large size-medium_large\" alt=\"\" srcset=\"http:\/\/phoenixbeckum.de\/wp-content\/uploads\/2019\/11\/Bahnschilder_3_Preview5-768x1086.jpg 768w, http:\/\/phoenixbeckum.de\/wp-content\/uploads\/2019\/11\/Bahnschilder_3_Preview5-212x300.jpg 212w, http:\/\/phoenixbeckum.de\/wp-content\/uploads\/2019\/11\/Bahnschilder_3_Preview5-724x1024.jpg 724w, http:\/\/phoenixbeckum.de\/wp-content\/uploads\/2019\/11\/Bahnschilder_3_Preview5.jpg 1240w\" sizes=\"(max-width: 768px) 100vw, 768px\" \/><\/a>\n\t\t\t<\/dt><\/dl><dl class='gallery-item'>\n\t\t\t<dt class='gallery-icon portrait'>\n\t\t\t\t<a data-elementor-open-lightbox=\"no no no no\" href='http:\/\/phoenixbeckum.de\/wp-content\/uploads\/2019\/10\/Bahnschilder_3_Preview6.jpg'><img loading=\"lazy\" decoding=\"async\" width=\"768\" height=\"1086\" src=\"http:\/\/phoenixbeckum.de\/wp-content\/uploads\/2019\/10\/Bahnschilder_3_Preview6-768x1086.jpg\" class=\"attachment-medium_large size-medium_large\" alt=\"\" srcset=\"http:\/\/phoenixbeckum.de\/wp-content\/uploads\/2019\/10\/Bahnschilder_3_Preview6-768x1086.jpg 768w, http:\/\/phoenixbeckum.de\/wp-content\/uploads\/2019\/10\/Bahnschilder_3_Preview6-212x300.jpg 212w, http:\/\/phoenixbeckum.de\/wp-content\/uploads\/2019\/10\/Bahnschilder_3_Preview6-724x1024.jpg 724w, http:\/\/phoenixbeckum.de\/wp-content\/uploads\/2019\/10\/Bahnschilder_3_Preview6.jpg 1240w\" sizes=\"(max-width: 768px) 100vw, 768px\" \/><\/a>\n\t\t\t<\/dt><\/dl><dl class='gallery-item'>\n\t\t\t<dt class='gallery-icon portrait'>\n\t\t\t\t<a data-elementor-open-lightbox=\"no no no no no\" href='http:\/\/phoenixbeckum.de\/wp-content\/uploads\/2019\/10\/Bahnschilder_3_Preview7.jpg'><img loading=\"lazy\" decoding=\"async\" width=\"768\" height=\"1086\" src=\"http:\/\/phoenixbeckum.de\/wp-content\/uploads\/2019\/10\/Bahnschilder_3_Preview7-768x1086.jpg\" class=\"attachment-medium_large size-medium_large\" alt=\"\" srcset=\"http:\/\/phoenixbeckum.de\/wp-content\/uploads\/2019\/10\/Bahnschilder_3_Preview7-768x1086.jpg 768w, http:\/\/phoenixbeckum.de\/wp-content\/uploads\/2019\/10\/Bahnschilder_3_Preview7-212x300.jpg 212w, http:\/\/phoenixbeckum.de\/wp-content\/uploads\/2019\/10\/Bahnschilder_3_Preview7-724x1024.jpg 724w, http:\/\/phoenixbeckum.de\/wp-content\/uploads\/2019\/10\/Bahnschilder_3_Preview7.jpg 1240w\" sizes=\"(max-width: 768px) 100vw, 768px\" \/><\/a>\n\t\t\t<\/dt><\/dl><dl class='gallery-item'>\n\t\t\t<dt class='gallery-icon portrait'>\n\t\t\t\t<a data-elementor-open-lightbox=\"no no no no no no\" href='http:\/\/phoenixbeckum.de\/wp-content\/uploads\/2019\/10\/Bahnschilder_3_Preview8.jpg'><img loading=\"lazy\" decoding=\"async\" width=\"768\" height=\"1086\" src=\"http:\/\/phoenixbeckum.de\/wp-content\/uploads\/2019\/10\/Bahnschilder_3_Preview8-768x1086.jpg\" class=\"attachment-medium_large size-medium_large\" alt=\"\" srcset=\"http:\/\/phoenixbeckum.de\/wp-content\/uploads\/2019\/10\/Bahnschilder_3_Preview8-768x1086.jpg 768w, http:\/\/phoenixbeckum.de\/wp-content\/uploads\/2019\/10\/Bahnschilder_3_Preview8-212x300.jpg 212w, http:\/\/phoenixbeckum.de\/wp-content\/uploads\/2019\/10\/Bahnschilder_3_Preview8-724x1024.jpg 724w, http:\/\/phoenixbeckum.de\/wp-content\/uploads\/2019\/10\/Bahnschilder_3_Preview8.jpg 1240w\" sizes=\"(max-width: 768px) 100vw, 768px\" \/><\/a>\n\t\t\t<\/dt><\/dl><br style=\"clear: both\" \/><dl class='gallery-item'>\n\t\t\t<dt class='gallery-icon portrait'>\n\t\t\t\t<a data-elementor-open-lightbox=\"no no no no no no no\" href='http:\/\/phoenixbeckum.de\/wp-content\/uploads\/2019\/10\/Bahnschilder_3_Preview9.jpg'><img loading=\"lazy\" decoding=\"async\" width=\"768\" height=\"1086\" src=\"http:\/\/phoenixbeckum.de\/wp-content\/uploads\/2019\/10\/Bahnschilder_3_Preview9-768x1086.jpg\" class=\"attachment-medium_large size-medium_large\" alt=\"\" srcset=\"http:\/\/phoenixbeckum.de\/wp-content\/uploads\/2019\/10\/Bahnschilder_3_Preview9-768x1086.jpg 768w, http:\/\/phoenixbeckum.de\/wp-content\/uploads\/2019\/10\/Bahnschilder_3_Preview9-212x300.jpg 212w, http:\/\/phoenixbeckum.de\/wp-content\/uploads\/2019\/10\/Bahnschilder_3_Preview9-724x1024.jpg 724w, http:\/\/phoenixbeckum.de\/wp-content\/uploads\/2019\/10\/Bahnschilder_3_Preview9.jpg 1240w\" sizes=\"(max-width: 768px) 100vw, 768px\" \/><\/a>\n\t\t\t<\/dt><\/dl><dl class='gallery-item'>\n\t\t\t<dt class='gallery-icon portrait'>\n\t\t\t\t<a data-elementor-open-lightbox=\"no no no no no no no no\" href='http:\/\/phoenixbeckum.de\/wp-content\/uploads\/2019\/10\/Bahnschilder_3_Preview10.jpg'><img loading=\"lazy\" decoding=\"async\" width=\"768\" height=\"1086\" src=\"http:\/\/phoenixbeckum.de\/wp-content\/uploads\/2019\/10\/Bahnschilder_3_Preview10-768x1086.jpg\" class=\"attachment-medium_large size-medium_large\" alt=\"\" srcset=\"http:\/\/phoenixbeckum.de\/wp-content\/uploads\/2019\/10\/Bahnschilder_3_Preview10-768x1086.jpg 768w, http:\/\/phoenixbeckum.de\/wp-content\/uploads\/2019\/10\/Bahnschilder_3_Preview10-212x300.jpg 212w, http:\/\/phoenixbeckum.de\/wp-content\/uploads\/2019\/10\/Bahnschilder_3_Preview10-724x1024.jpg 724w, http:\/\/phoenixbeckum.de\/wp-content\/uploads\/2019\/10\/Bahnschilder_3_Preview10.jpg 1240w\" sizes=\"(max-width: 768px) 100vw, 768px\" \/><\/a>\n\t\t\t<\/dt><\/dl><dl class='gallery-item'>\n\t\t\t<dt class='gallery-icon portrait'>\n\t\t\t\t<a data-elementor-open-lightbox=\"no no no no no no no no no\" href='http:\/\/phoenixbeckum.de\/wp-content\/uploads\/2019\/10\/Bahnschilder_3_Preview11.jpg'><img loading=\"lazy\" decoding=\"async\" width=\"768\" height=\"1086\" src=\"http:\/\/phoenixbeckum.de\/wp-content\/uploads\/2019\/10\/Bahnschilder_3_Preview11-768x1086.jpg\" class=\"attachment-medium_large size-medium_large\" alt=\"\" srcset=\"http:\/\/phoenixbeckum.de\/wp-content\/uploads\/2019\/10\/Bahnschilder_3_Preview11-768x1086.jpg 768w, http:\/\/phoenixbeckum.de\/wp-content\/uploads\/2019\/10\/Bahnschilder_3_Preview11-212x300.jpg 212w, http:\/\/phoenixbeckum.de\/wp-content\/uploads\/2019\/10\/Bahnschilder_3_Preview11-724x1024.jpg 724w, http:\/\/phoenixbeckum.de\/wp-content\/uploads\/2019\/10\/Bahnschilder_3_Preview11.jpg 1240w\" sizes=\"(max-width: 768px) 100vw, 768px\" \/><\/a>\n\t\t\t<\/dt><\/dl><dl class='gallery-item'>\n\t\t\t<dt class='gallery-icon portrait'>\n\t\t\t\t<a data-elementor-open-lightbox=\"no no no no no no no no no no\" href='http:\/\/phoenixbeckum.de\/wp-content\/uploads\/2019\/10\/Bahnschilder_3_Preview12.jpg'><img loading=\"lazy\" decoding=\"async\" width=\"768\" height=\"1086\" src=\"http:\/\/phoenixbeckum.de\/wp-content\/uploads\/2019\/10\/Bahnschilder_3_Preview12-768x1086.jpg\" class=\"attachment-medium_large size-medium_large\" alt=\"\" srcset=\"http:\/\/phoenixbeckum.de\/wp-content\/uploads\/2019\/10\/Bahnschilder_3_Preview12-768x1086.jpg 768w, http:\/\/phoenixbeckum.de\/wp-content\/uploads\/2019\/10\/Bahnschilder_3_Preview12-212x300.jpg 212w, http:\/\/phoenixbeckum.de\/wp-content\/uploads\/2019\/10\/Bahnschilder_3_Preview12-724x1024.jpg 724w, http:\/\/phoenixbeckum.de\/wp-content\/uploads\/2019\/10\/Bahnschilder_3_Preview12.jpg 1240w\" sizes=\"(max-width: 768px) 100vw, 768px\" \/><\/a>\n\t\t\t<\/dt><\/dl><dl class='gallery-item'>\n\t\t\t<dt class='gallery-icon portrait'>\n\t\t\t\t<a data-elementor-open-lightbox=\"no no no no no no no no no no no\" href='http:\/\/phoenixbeckum.de\/wp-content\/uploads\/2019\/10\/Bahnschilder_3_Preview13.jpg'><img loading=\"lazy\" decoding=\"async\" width=\"768\" height=\"1086\" src=\"http:\/\/phoenixbeckum.de\/wp-content\/uploads\/2019\/10\/Bahnschilder_3_Preview13-768x1086.jpg\" class=\"attachment-medium_large size-medium_large\" alt=\"\" srcset=\"http:\/\/phoenixbeckum.de\/wp-content\/uploads\/2019\/10\/Bahnschilder_3_Preview13-768x1086.jpg 768w, http:\/\/phoenixbeckum.de\/wp-content\/uploads\/2019\/10\/Bahnschilder_3_Preview13-212x300.jpg 212w, http:\/\/phoenixbeckum.de\/wp-content\/uploads\/2019\/10\/Bahnschilder_3_Preview13-724x1024.jpg 724w, http:\/\/phoenixbeckum.de\/wp-content\/uploads\/2019\/10\/Bahnschilder_3_Preview13.jpg 1240w\" sizes=\"(max-width: 768px) 100vw, 768px\" \/><\/a>\n\t\t\t<\/dt><\/dl><dl class='gallery-item'>\n\t\t\t<dt class='gallery-icon portrait'>\n\t\t\t\t<a data-elementor-open-lightbox=\"no no no no no no no no no no no no\" href='http:\/\/phoenixbeckum.de\/wp-content\/uploads\/2019\/11\/Bahnschilder_3_Preview14.jpg'><img loading=\"lazy\" decoding=\"async\" width=\"768\" height=\"1086\" src=\"http:\/\/phoenixbeckum.de\/wp-content\/uploads\/2019\/11\/Bahnschilder_3_Preview14-768x1086.jpg\" class=\"attachment-medium_large size-medium_large\" alt=\"\" srcset=\"http:\/\/phoenixbeckum.de\/wp-content\/uploads\/2019\/11\/Bahnschilder_3_Preview14-768x1086.jpg 768w, http:\/\/phoenixbeckum.de\/wp-content\/uploads\/2019\/11\/Bahnschilder_3_Preview14-212x300.jpg 212w, http:\/\/phoenixbeckum.de\/wp-content\/uploads\/2019\/11\/Bahnschilder_3_Preview14-724x1024.jpg 724w, http:\/\/phoenixbeckum.de\/wp-content\/uploads\/2019\/11\/Bahnschilder_3_Preview14.jpg 1240w\" sizes=\"(max-width: 768px) 100vw, 768px\" \/><\/a>\n\t\t\t<\/dt><\/dl><br style=\"clear: both\" \/>\n\t\t<\/div>\n\t\t<\/div>\n\t\t\t\t<\/div>\n\t\t\t\t<\/div>\n\t\t\t\t<div class=\"elementor-element elementor-element-1aedfb9 elementor-widget elementor-widget-spacer\" data-id=\"1aedfb9\" data-element_type=\"widget\" data-widget_type=\"spacer.default\">\n\t\t\t\t<div class=\"elementor-widget-container\">\n\t\t\t\t\t<div class=\"elementor-spacer\">\n\t\t\t<div class=\"elementor-spacer-inner\"><\/div>\n\t\t<\/div>\n\t\t\t\t<\/div>\n\t\t\t\t<\/div>\n\t\t\t\t<div class=\"elementor-element elementor-element-f5e8e20 elementor-widget elementor-widget-text-editor\" data-id=\"f5e8e20\" data-element_type=\"widget\" data-widget_type=\"text-editor.default\">\n\t\t\t\t<div class=\"elementor-widget-container\">\n\t\t\t\t\t<div class=\"elementor-text-editor elementor-clearfix\"><p>Unser herzlichster Dank gilt unseren <strong>Sponsoren<\/strong>, ohne die die Erweiterung der Discgolfanlage nicht m\u00f6glich gewesen w\u00e4re:<\/p><\/div>\n\t\t\t\t<\/div>\n\t\t\t\t<\/div>\n\t\t\t\t<section class=\"elementor-section elementor-inner-section elementor-element elementor-element-4486ca2 elementor-section-boxed elementor-section-height-default elementor-section-height-default\" data-id=\"4486ca2\" data-element_type=\"section\">\n\t\t\t\t\t\t<div class=\"elementor-container elementor-column-gap-default\">\n\t\t\t\t\t\t\t<div class=\"elementor-row\">\n\t\t\t\t\t<div class=\"elementor-column elementor-col-25 elementor-inner-column elementor-element elementor-element-48bff80\" data-id=\"48bff80\" data-element_type=\"column\">\n\t\t\t<div class=\"elementor-column-wrap elementor-element-populated\">\n\t\t\t\t\t\t\t<div class=\"elementor-widget-wrap\">\n\t\t\t\t\t\t<div class=\"elementor-element elementor-element-c02348f elementor-widget elementor-widget-image\" data-id=\"c02348f\" data-element_type=\"widget\" data-widget_type=\"image.default\">\n\t\t\t\t<div class=\"elementor-widget-container\">\n\t\t\t\t\t<div class=\"elementor-image\">\n\t\t\t\t\t\t\t\t\t\t\t<a href=\"https:\/\/www.beckum.de\" target=\"_blank\" rel=\"nofollow\">\n\t\t\t\t\t\t\t<img decoding=\"async\" src=\"http:\/\/phoenixbeckum.de\/wp-content\/uploads\/elementor\/thumbs\/logo_trans-ogv3w7qum0z6z2ct2pvon9bk7xkpf5ikcjpk32y5ts.png\" title=\"logo_trans\" alt=\"logo_trans\" \/>\t\t\t\t\t\t\t\t<\/a>\n\t\t\t\t\t\t\t\t\t\t\t<\/div>\n\t\t\t\t<\/div>\n\t\t\t\t<\/div>\n\t\t\t\t\t\t<\/div>\n\t\t\t\t\t<\/div>\n\t\t<\/div>\n\t\t\t\t<div class=\"elementor-column elementor-col-25 elementor-inner-column elementor-element elementor-element-db212c5\" data-id=\"db212c5\" data-element_type=\"column\">\n\t\t\t<div class=\"elementor-column-wrap elementor-element-populated\">\n\t\t\t\t\t\t\t<div class=\"elementor-widget-wrap\">\n\t\t\t\t\t\t<div class=\"elementor-element elementor-element-25c60b0 elementor-widget elementor-widget-image\" data-id=\"25c60b0\" data-element_type=\"widget\" data-widget_type=\"image.default\">\n\t\t\t\t<div class=\"elementor-widget-container\">\n\t\t\t\t\t<div class=\"elementor-image\">\n\t\t\t\t\t\t\t\t\t\t\t<a href=\"https:\/\/www.sparkasse-beckum.de\" target=\"_blank\" rel=\"nofollow\">\n\t\t\t\t\t\t\t<img decoding=\"async\" src=\"http:\/\/phoenixbeckum.de\/wp-content\/uploads\/elementor\/thumbs\/spk-s-weiss_klein-ogv4azri297ce7jy736epr3yck4emd6uebkx7gelfk.png\" title=\"spk-s-weiss_klein\" alt=\"spk-s-weiss_klein\" \/>\t\t\t\t\t\t\t\t<\/a>\n\t\t\t\t\t\t\t\t\t\t\t<\/div>\n\t\t\t\t<\/div>\n\t\t\t\t<\/div>\n\t\t\t\t\t\t<\/div>\n\t\t\t\t\t<\/div>\n\t\t<\/div>\n\t\t\t\t<div class=\"elementor-column elementor-col-25 elementor-inner-column elementor-element elementor-element-a83a457\" data-id=\"a83a457\" data-element_type=\"column\">\n\t\t\t<div class=\"elementor-column-wrap elementor-element-populated\">\n\t\t\t\t\t\t\t<div class=\"elementor-widget-wrap\">\n\t\t\t\t\t\t<div class=\"elementor-element elementor-element-82054d4 elementor-widget elementor-widget-image\" data-id=\"82054d4\" data-element_type=\"widget\" data-widget_type=\"image.default\">\n\t\t\t\t<div class=\"elementor-widget-container\">\n\t\t\t\t\t<div class=\"elementor-image\">\n\t\t\t\t\t\t\t\t\t\t\t<a href=\"http:\/\/www.schakau.com\" target=\"_blank\" rel=\"nofollow\">\n\t\t\t\t\t\t\t<img decoding=\"async\" src=\"http:\/\/phoenixbeckum.de\/wp-content\/uploads\/elementor\/thumbs\/SCHAKAU_banner_001-ogv5d7v7zpizf6p0elc3zbw9x73ptry305abab3hts.png\" title=\"SCHAKAU_banner_001\" alt=\"SCHAKAU_banner_001\" \/>\t\t\t\t\t\t\t\t<\/a>\n\t\t\t\t\t\t\t\t\t\t\t<\/div>\n\t\t\t\t<\/div>\n\t\t\t\t<\/div>\n\t\t\t\t\t\t<\/div>\n\t\t\t\t\t<\/div>\n\t\t<\/div>\n\t\t\t\t<div class=\"elementor-column elementor-col-25 elementor-inner-column elementor-element elementor-element-5efcfca\" data-id=\"5efcfca\" data-element_type=\"column\">\n\t\t\t<div class=\"elementor-column-wrap elementor-element-populated\">\n\t\t\t\t\t\t\t<div class=\"elementor-widget-wrap\">\n\t\t\t\t\t\t<div class=\"elementor-element elementor-element-2ca77df elementor-widget elementor-widget-image\" data-id=\"2ca77df\" data-element_type=\"widget\" data-widget_type=\"image.default\">\n\t\t\t\t<div class=\"elementor-widget-container\">\n\t\t\t\t\t<div class=\"elementor-image\">\n\t\t\t\t\t\t\t\t\t\t\t<a href=\"https:\/\/www.tv-beckum.de\" target=\"_blank\" rel=\"nofollow\">\n\t\t\t\t\t\t\t<img decoding=\"async\" src=\"http:\/\/phoenixbeckum.de\/wp-content\/uploads\/elementor\/thumbs\/TVB-Logo-98-weiss_klein-ogv3pkzue3wd23zlsuog1xkhc29h416qrq086ss5q8.png\" title=\"TVB-Logo-98&#8212;weiss_klein\" alt=\"TVB-Logo-98---weiss_klein\" \/>\t\t\t\t\t\t\t\t<\/a>\n\t\t\t\t\t\t\t\t\t\t\t<\/div>\n\t\t\t\t<\/div>\n\t\t\t\t<\/div>\n\t\t\t\t\t\t<\/div>\n\t\t\t\t\t<\/div>\n\t\t<\/div>\n\t\t\t\t\t\t\t\t<\/div>\n\t\t\t\t\t<\/div>\n\t\t<\/section>\n\t\t\t\t\t\t<\/div>\n\t\t\t\t\t<\/div>\n\t\t<\/div>\n\t\t\t\t\t\t\t\t<\/div>\n\t\t\t\t\t<\/div>\n\t\t<\/section>\n\t\t\t\t\t\t<\/div>\n\t\t\t\t\t\t<\/div>\n\t\t\t\t\t<\/div>\n\t\t","protected":false},"excerpt":{"rendered":"<p>Discgolf im Aktivpark Phoenix Unser Parcours in Beckum bietet sowohl f\u00fcr fortgeschrittene Discgolfer als auch f\u00fcr Anf\u00e4nger ein ansprechendes Discgolferlebnis. Den von Werner Szybalski errichteten Basisparcours in der rechten Parkh\u00e4lfte haben wir 2016 auf den ganzen Park erweitert und somit auf insgesamt 12 Bahnen ausgebaut.\u00a0 Der zur Sommersaison ge\u00f6ffnete Kiosk bietet eine Rundumversorgund von der&hellip;&nbsp;<a href=\"http:\/\/phoenixbeckum.de\/?page_id=28\" class=\"\" rel=\"bookmark\">Weiterlesen &raquo;<span class=\"screen-reader-text\">Der Parcours<\/span><\/a><\/p>\n","protected":false},"author":1,"featured_media":0,"parent":0,"menu_order":0,"comment_status":"closed","ping_status":"closed","template":"elementor_header_footer","meta":{"neve_meta_sidebar":"default","neve_meta_container":"default","neve_meta_enable_content_width":"off","neve_meta_content_width":70,"neve_meta_title_alignment":"","neve_meta_author_avatar":"","neve_post_elements_order":"","neve_meta_disable_header":"off","neve_meta_disable_footer":"off","neve_meta_disable_title":"off","footnotes":""},"_links":{"self":[{"href":"http:\/\/phoenixbeckum.de\/index.php?rest_route=\/wp\/v2\/pages\/28"}],"collection":[{"href":"http:\/\/phoenixbeckum.de\/index.php?rest_route=\/wp\/v2\/pages"}],"about":[{"href":"http:\/\/phoenixbeckum.de\/index.php?rest_route=\/wp\/v2\/types\/page"}],"author":[{"embeddable":true,"href":"http:\/\/phoenixbeckum.de\/index.php?rest_route=\/wp\/v2\/users\/1"}],"replies":[{"embeddable":true,"href":"http:\/\/phoenixbeckum.de\/index.php?rest_route=%2Fwp%2Fv2%2Fcomments&post=28"}],"version-history":[{"count":46,"href":"http:\/\/phoenixbeckum.de\/index.php?rest_route=\/wp\/v2\/pages\/28\/revisions"}],"predecessor-version":[{"id":972,"href":"http:\/\/phoenixbeckum.de\/index.php?rest_route=\/wp\/v2\/pages\/28\/revisions\/972"}],"wp:attachment":[{"href":"http:\/\/phoenixbeckum.de\/index.php?rest_route=%2Fwp%2Fv2%2Fmedia&parent=28"}],"curies":[{"name":"wp","href":"https:\/\/api.w.org\/{rel}","templated":true}]}}