{"id":826,"date":"2019-11-04T19:10:11","date_gmt":"2019-11-04T19:10:11","guid":{"rendered":"http:\/\/phoenixbeckum.de\/?page_id=826"},"modified":"2023-03-22T16:44:04","modified_gmt":"2023-03-22T16:44:04","slug":"elementor-826","status":"publish","type":"page","link":"http:\/\/phoenixbeckum.de\/?page_id=826","title":{"rendered":"Was ist Discgolf?"},"content":{"rendered":"\t\t<div data-elementor-type=\"wp-page\" data-elementor-id=\"826\" class=\"elementor elementor-826\" data-elementor-settings=\"[]\">\n\t\t\t\t\t\t<div class=\"elementor-inner\">\n\t\t\t\t\t\t\t<div class=\"elementor-section-wrap\">\n\t\t\t\t\t\t\t<section class=\"elementor-section elementor-top-section elementor-element elementor-element-dbc12d2 elementor-section-content-middle elementor-section-full_width elementor-section-height-min-height elementor-section-height-default elementor-section-items-middle\" data-id=\"dbc12d2\" data-element_type=\"section\">\n\t\t\t\t\t\t<div class=\"elementor-container elementor-column-gap-no\">\n\t\t\t\t\t\t\t<div class=\"elementor-row\">\n\t\t\t\t\t<div class=\"elementor-column elementor-col-100 elementor-top-column elementor-element elementor-element-fe8c196\" data-id=\"fe8c196\" data-element_type=\"column\">\n\t\t\t<div class=\"elementor-column-wrap elementor-element-populated\">\n\t\t\t\t\t\t\t<div class=\"elementor-widget-wrap\">\n\t\t\t\t\t\t<div class=\"elementor-element elementor-element-6392e08 elementor-widget elementor-widget-image\" data-id=\"6392e08\" data-element_type=\"widget\" data-widget_type=\"image.default\">\n\t\t\t\t<div class=\"elementor-widget-container\">\n\t\t\t\t\t<div class=\"elementor-image\">\n\t\t\t\t\t\t\t\t\t\t<img loading=\"lazy\" decoding=\"async\" width=\"2048\" height=\"656\" src=\"http:\/\/phoenixbeckum.de\/wp-content\/uploads\/2019\/11\/Facebook_Banner8.jpg\" class=\"attachment-full size-full\" alt=\"\" srcset=\"http:\/\/phoenixbeckum.de\/wp-content\/uploads\/2019\/11\/Facebook_Banner8.jpg 2048w, http:\/\/phoenixbeckum.de\/wp-content\/uploads\/2019\/11\/Facebook_Banner8-300x96.jpg 300w, http:\/\/phoenixbeckum.de\/wp-content\/uploads\/2019\/11\/Facebook_Banner8-768x246.jpg 768w, http:\/\/phoenixbeckum.de\/wp-content\/uploads\/2019\/11\/Facebook_Banner8-1024x328.jpg 1024w\" sizes=\"(max-width: 2048px) 100vw, 2048px\" \/>\t\t\t\t\t\t\t\t\t\t\t<\/div>\n\t\t\t\t<\/div>\n\t\t\t\t<\/div>\n\t\t\t\t\t\t<\/div>\n\t\t\t\t\t<\/div>\n\t\t<\/div>\n\t\t\t\t\t\t\t\t<\/div>\n\t\t\t\t\t<\/div>\n\t\t<\/section>\n\t\t\t\t<section class=\"elementor-section elementor-top-section elementor-element elementor-element-403890ab elementor-section-content-middle elementor-section-boxed elementor-section-height-default elementor-section-height-default\" data-id=\"403890ab\" data-element_type=\"section\" data-settings=\"{&quot;background_background&quot;:&quot;classic&quot;}\">\n\t\t\t\t\t\t<div class=\"elementor-container elementor-column-gap-no\">\n\t\t\t\t\t\t\t<div class=\"elementor-row\">\n\t\t\t\t\t<div class=\"elementor-column elementor-col-100 elementor-top-column elementor-element elementor-element-2f9428ee\" data-id=\"2f9428ee\" data-element_type=\"column\">\n\t\t\t<div class=\"elementor-column-wrap elementor-element-populated\">\n\t\t\t\t\t\t\t<div class=\"elementor-widget-wrap\">\n\t\t\t\t\t\t<div class=\"elementor-element elementor-element-329fc947 elementor-widget elementor-widget-heading\" data-id=\"329fc947\" data-element_type=\"widget\" data-widget_type=\"heading.default\">\n\t\t\t\t<div class=\"elementor-widget-container\">\n\t\t\t<h3 class=\"elementor-heading-title elementor-size-default\">Was ist Discgolf?<\/h3>\t\t<\/div>\n\t\t\t\t<\/div>\n\t\t\t\t<div class=\"elementor-element elementor-element-41b14982 elementor-widget elementor-widget-text-editor\" data-id=\"41b14982\" data-element_type=\"widget\" data-widget_type=\"text-editor.default\">\n\t\t\t\t<div class=\"elementor-widget-container\">\n\t\t\t\t\t<div class=\"elementor-text-editor elementor-clearfix\"><p>Disc Golf ist eine junge Sportart, die in den 70er Jahren in den USA entwickelt wurde. 1979\/80 bildeten sich in Deutschland erste Disc Golf-Gruppen.<\/p><\/div>\n\t\t\t\t<\/div>\n\t\t\t\t<\/div>\n\t\t\t\t<section class=\"elementor-section elementor-inner-section elementor-element elementor-element-7f8199ed elementor-section-boxed elementor-section-height-default elementor-section-height-default\" data-id=\"7f8199ed\" data-element_type=\"section\">\n\t\t\t\t\t\t<div class=\"elementor-container elementor-column-gap-default\">\n\t\t\t\t\t\t\t<div class=\"elementor-row\">\n\t\t\t\t\t<div class=\"elementor-column elementor-col-100 elementor-inner-column elementor-element elementor-element-37916db9\" data-id=\"37916db9\" data-element_type=\"column\">\n\t\t\t<div class=\"elementor-column-wrap elementor-element-populated\">\n\t\t\t\t\t\t\t<div class=\"elementor-widget-wrap\">\n\t\t\t\t\t\t<div class=\"elementor-element elementor-element-3ed4e14b elementor-widget elementor-widget-text-editor\" data-id=\"3ed4e14b\" data-element_type=\"widget\" data-widget_type=\"text-editor.default\">\n\t\t\t\t<div class=\"elementor-widget-container\">\n\t\t\t\t\t<div class=\"elementor-text-editor elementor-clearfix\"><p>Ziel beim Disc Golf ist, einen Kurs von meist 18 Bahnen mit m\u00f6glichst wenigen W\u00fcr\u00ad\u00adfen zu absolvieren. Von einer festgelegten Abwurfzone aus wirft der Spieler die Scheibe in Richtung eines Fangkorbs aus Metall. Der Spieler markiert die Stelle, wo die Scheibe gelandet ist, und spielt von dort aus weiter. Die Bahn ist zu Ende gespielt, wenn die Scheibe im Fangkorb versenkt wurde. Die L\u00e4nge der Bahnen betr\u00e4gt, je nach Parcours und Schwierigkeitsgrad, zwischen 40 und 250 Metern. Disc Golf wird nach \u00e4hnlichen Regeln wie Golf gespielt.<\/p><p>Disc Golf ist ein Sport f\u00fcr jede Generation, vom Grundschulkind bis ins hohe Seniorenalter. Entspannte Bewegung in der freien Natur, Spielspa\u00df vom ersten Augenblick an und das soziale Miteinander machen Disc Golf zu einem Spitzen-Erlebnis f\u00fcr Familien und Gruppen.<\/p><p>Disc Golf steht f\u00fcr Werte wie Fairness, Achtung und Respekt, h\u00f6flicher Umgang miteinander und gegenseitige Unterst\u00fctzung. Was die Anschaffungskosten betrifft, punktet Disc Golf gegen\u00fcber anderen Sportarten. Eine Grundausstattung mit drei Scheiben ist bereits f\u00fcr 25 bis 30 Euro zu haben.<\/p><p>Da sich Disc Golf-Kurse der Natur und dem Gel\u00e4nde anpassen und nahezu keine Eingriffe in die Landschaft n\u00f6tig sind, erf\u00fcllt die Sportart selbst h\u00f6chste Anspr\u00fcche an Landschaftsschutz und einen schonenden Umgang mit der Natur.<\/p><p>Nach vorsichtigen Sch\u00e4tzungen spielen heute rund 3 000 Disc Golfer in Deutschland regelm\u00e4\u00dfig. Der Weltverband, die Professional Disc Golf Association (PDGA), sch\u00e4tzt die Zahl der aktiven Disc Golfer auf eine halbe Million. Zwischen acht und zw\u00f6lf Millionen Menschen, so die PDGA, haben schon einmal Disc Golf gespielt.<\/p><p>Es gibt in Deutschland eine stetig wachsende Zahl fest installierte Kurse. Weltweit gab es Ende 2012 mehr als 3 700 Disc Golf-Anlagen \u2013 davon fast 3200 allein in den USA. Disc Golf wird auch professionell gespielt. Auf der PDGA-Tour werden j\u00e4hrlich mehr als zwei Millionen Dollar Preisgeld ausgesch\u00fcttet. Die PDGA-Weltmeisterschaft in den USA ist mit rund 100 000 US-$ dotiert.<\/p><p>Sportliche H\u00f6hepunkte der Disc Golf-Saison sind die Deutsche Meisterschaft und die GermanTour. Die GermanTour ist eine Turnierserie, bei der die Punktbesten der verschiedenen Altersklassen (Open, Masters, Grandmasters, Senior Grandmasters, Legend, Junioren und Damen) ermittelt werden. Bei Turnieren der h\u00f6chsten Kategorie gibt es Preisgelder bis zu 3 000 Euro zu gewinnen.<\/p><p>Der derzeit erfolgreichste deutsche Spieler ist Simon Lizotte, der die GermanTour mehrfach gewann und bereits f\u00fcnf mal hintereinander Deutscher Disc Golf-Meister wurde (2009-2013). Er ist aktuell die Nummer 6 und einer der am Besten bezahlten Spieler der Welt.<\/p><p>Quelle: <strong><a href=\"https:\/\/www.discgolf.de\/einsteiger\/\" target=\"_blank\" rel=\"noopener\">Deutscher Frisbeesport-Verband e.V.<\/a><\/strong><\/p><\/div>\n\t\t\t\t<\/div>\n\t\t\t\t<\/div>\n\t\t\t\t\t\t<\/div>\n\t\t\t\t\t<\/div>\n\t\t<\/div>\n\t\t\t\t\t\t\t\t<\/div>\n\t\t\t\t\t<\/div>\n\t\t<\/section>\n\t\t\t\t\t\t<\/div>\n\t\t\t\t\t<\/div>\n\t\t<\/div>\n\t\t\t\t\t\t\t\t<\/div>\n\t\t\t\t\t<\/div>\n\t\t<\/section>\n\t\t\t\t<section class=\"elementor-section elementor-top-section elementor-element elementor-element-16bfe7f elementor-section-content-middle elementor-section-boxed elementor-section-height-default elementor-section-height-default\" data-id=\"16bfe7f\" data-element_type=\"section\" data-settings=\"{&quot;background_background&quot;:&quot;classic&quot;}\">\n\t\t\t\t\t\t<div class=\"elementor-container elementor-column-gap-no\">\n\t\t\t\t\t\t\t<div class=\"elementor-row\">\n\t\t\t\t\t<div class=\"elementor-column elementor-col-100 elementor-top-column elementor-element elementor-element-900d6c0\" data-id=\"900d6c0\" data-element_type=\"column\">\n\t\t\t<div class=\"elementor-column-wrap elementor-element-populated\">\n\t\t\t\t\t\t\t<div class=\"elementor-widget-wrap\">\n\t\t\t\t\t\t<div class=\"elementor-element elementor-element-d7c354a elementor-widget elementor-widget-heading\" data-id=\"d7c354a\" data-element_type=\"widget\" data-widget_type=\"heading.default\">\n\t\t\t\t<div class=\"elementor-widget-container\">\n\t\t\t<h4 class=\"elementor-heading-title elementor-size-default\">Empfohlene Videos<\/h4>\t\t<\/div>\n\t\t\t\t<\/div>\n\t\t\t\t<div class=\"elementor-element elementor-element-dacf5d3 elementor-widget elementor-widget-heading\" data-id=\"dacf5d3\" data-element_type=\"widget\" data-widget_type=\"heading.default\">\n\t\t\t\t<div class=\"elementor-widget-container\">\n\t\t\t<h5 class=\"elementor-heading-title elementor-size-default\">Was die Profis so machen...<\/h5>\t\t<\/div>\n\t\t\t\t<\/div>\n\t\t\t\t<section class=\"elementor-section elementor-inner-section elementor-element elementor-element-70deb4f elementor-section-content-middle elementor-section-boxed elementor-section-height-default elementor-section-height-default\" data-id=\"70deb4f\" data-element_type=\"section\">\n\t\t\t\t\t\t<div class=\"elementor-container elementor-column-gap-no\">\n\t\t\t\t\t\t\t<div class=\"elementor-row\">\n\t\t\t\t\t<div class=\"elementor-column elementor-col-50 elementor-inner-column elementor-element elementor-element-eabba28\" data-id=\"eabba28\" data-element_type=\"column\">\n\t\t\t<div class=\"elementor-column-wrap elementor-element-populated\">\n\t\t\t\t\t\t\t<div class=\"elementor-widget-wrap\">\n\t\t\t\t\t\t<div class=\"elementor-element elementor-element-0d6b6b6 elementor-widget elementor-widget-heading\" data-id=\"0d6b6b6\" data-element_type=\"widget\" data-widget_type=\"heading.default\">\n\t\t\t\t<div class=\"elementor-widget-container\">\n\t\t\t<h5 class=\"elementor-heading-title elementor-size-default\">Best Discgolf Shots 2022<\/h5>\t\t<\/div>\n\t\t\t\t<\/div>\n\t\t\t\t<div class=\"elementor-element elementor-element-01304ef elementor-widget elementor-widget-heading\" data-id=\"01304ef\" data-element_type=\"widget\" data-widget_type=\"heading.default\">\n\t\t\t\t<div class=\"elementor-widget-container\">\n\t\t\t<span class=\"elementor-heading-title elementor-size-default\">Eine Zusammenstellung der besten W\u00fcrfe 2022 vom f\u00fchrenden YouTube-Channel \"JomezPro\". In den letzten Jahren ist die Berichterstattung immer professioneller geworden.<\/span>\t\t<\/div>\n\t\t\t\t<\/div>\n\t\t\t\t<div class=\"elementor-element elementor-element-fc2d812 elementor-aspect-ratio-169 elementor-widget elementor-widget-video\" data-id=\"fc2d812\" data-element_type=\"widget\" data-settings=\"{&quot;aspect_ratio&quot;:&quot;169&quot;}\" data-widget_type=\"video.default\">\n\t\t\t\t<div class=\"elementor-widget-container\">\n\t\t\t\t\t<div class=\"elementor-wrapper elementor-fit-aspect-ratio elementor-open-inline\">\n\t\t\t<iframe class=\"elementor-video-iframe\" allowfullscreen title=\"youtube Video Player\" src=\"https:\/\/www.youtube-nocookie.com\/embed\/1qzwGUmNi4U?feature=oembed&amp;start&amp;end&amp;wmode=opaque&amp;loop=0&amp;controls=1&amp;mute=0&amp;rel=0&amp;modestbranding=0\"><\/iframe>\t\t<\/div>\n\t\t\t\t<\/div>\n\t\t\t\t<\/div>\n\t\t\t\t\t\t<\/div>\n\t\t\t\t\t<\/div>\n\t\t<\/div>\n\t\t\t\t<div class=\"elementor-column elementor-col-50 elementor-inner-column elementor-element elementor-element-3cf3148\" data-id=\"3cf3148\" data-element_type=\"column\">\n\t\t\t<div class=\"elementor-column-wrap elementor-element-populated\">\n\t\t\t\t\t\t\t<div class=\"elementor-widget-wrap\">\n\t\t\t\t\t\t<div class=\"elementor-element elementor-element-ae96bc8 elementor-widget elementor-widget-heading\" data-id=\"ae96bc8\" data-element_type=\"widget\" data-widget_type=\"heading.default\">\n\t\t\t\t<div class=\"elementor-widget-container\">\n\t\t\t<h5 class=\"elementor-heading-title elementor-size-default\">This is Discgolf<\/h5>\t\t<\/div>\n\t\t\t\t<\/div>\n\t\t\t\t<div class=\"elementor-element elementor-element-babd99a elementor-widget elementor-widget-heading\" data-id=\"babd99a\" data-element_type=\"widget\" data-widget_type=\"heading.default\">\n\t\t\t\t<div class=\"elementor-widget-container\">\n\t\t\t<span class=\"elementor-heading-title elementor-size-default\">Wenn man eine schnelle \u00dcbersicht \u00fcber die Esthetik des Sports sucht, ist man hier richtig.<\/span>\t\t<\/div>\n\t\t\t\t<\/div>\n\t\t\t\t<div class=\"elementor-element elementor-element-086825c elementor-aspect-ratio-169 elementor-widget elementor-widget-video\" data-id=\"086825c\" data-element_type=\"widget\" data-settings=\"{&quot;aspect_ratio&quot;:&quot;169&quot;}\" data-widget_type=\"video.default\">\n\t\t\t\t<div class=\"elementor-widget-container\">\n\t\t\t\t\t<div class=\"elementor-wrapper elementor-fit-aspect-ratio elementor-open-inline\">\n\t\t\t<iframe class=\"elementor-video-iframe\" allowfullscreen title=\"youtube Video Player\" src=\"https:\/\/www.youtube-nocookie.com\/embed\/gJaxph0J6FE?feature=oembed&amp;start&amp;end&amp;wmode=opaque&amp;loop=0&amp;controls=1&amp;mute=0&amp;rel=0&amp;modestbranding=0\"><\/iframe>\t\t<\/div>\n\t\t\t\t<\/div>\n\t\t\t\t<\/div>\n\t\t\t\t\t\t<\/div>\n\t\t\t\t\t<\/div>\n\t\t<\/div>\n\t\t\t\t\t\t\t\t<\/div>\n\t\t\t\t\t<\/div>\n\t\t<\/section>\n\t\t\t\t<section class=\"elementor-section elementor-inner-section elementor-element elementor-element-f95cdcf elementor-section-content-middle elementor-section-boxed elementor-section-height-default elementor-section-height-default\" data-id=\"f95cdcf\" data-element_type=\"section\">\n\t\t\t\t\t\t<div class=\"elementor-container elementor-column-gap-no\">\n\t\t\t\t\t\t\t<div class=\"elementor-row\">\n\t\t\t\t\t<div class=\"elementor-column elementor-col-50 elementor-inner-column elementor-element elementor-element-be4d55f\" data-id=\"be4d55f\" data-element_type=\"column\">\n\t\t\t<div class=\"elementor-column-wrap elementor-element-populated\">\n\t\t\t\t\t\t\t<div class=\"elementor-widget-wrap\">\n\t\t\t\t\t\t<div class=\"elementor-element elementor-element-e2cd769 elementor-widget elementor-widget-heading\" data-id=\"e2cd769\" data-element_type=\"widget\" data-widget_type=\"heading.default\">\n\t\t\t\t<div class=\"elementor-widget-container\">\n\t\t\t<h5 class=\"elementor-heading-title elementor-size-default\">Discgolf matters<\/h5>\t\t<\/div>\n\t\t\t\t<\/div>\n\t\t\t\t<div class=\"elementor-element elementor-element-6c03f66 elementor-widget elementor-widget-heading\" data-id=\"6c03f66\" data-element_type=\"widget\" data-widget_type=\"heading.default\">\n\t\t\t\t<div class=\"elementor-widget-container\">\n\t\t\t<span class=\"elementor-heading-title elementor-size-default\">Eine Dokumentation\n.\n.<\/span>\t\t<\/div>\n\t\t\t\t<\/div>\n\t\t\t\t<div class=\"elementor-element elementor-element-6300cdd elementor-aspect-ratio-169 elementor-widget elementor-widget-video\" data-id=\"6300cdd\" data-element_type=\"widget\" data-settings=\"{&quot;aspect_ratio&quot;:&quot;169&quot;}\" data-widget_type=\"video.default\">\n\t\t\t\t<div class=\"elementor-widget-container\">\n\t\t\t\t\t<div class=\"elementor-wrapper elementor-fit-aspect-ratio elementor-open-inline\">\n\t\t\t<iframe class=\"elementor-video-iframe\" allowfullscreen title=\"youtube Video Player\" src=\"https:\/\/www.youtube-nocookie.com\/embed\/KTq42kg4qeg?feature=oembed&amp;start&amp;end&amp;wmode=opaque&amp;loop=0&amp;controls=1&amp;mute=0&amp;rel=0&amp;modestbranding=0\"><\/iframe>\t\t<\/div>\n\t\t\t\t<\/div>\n\t\t\t\t<\/div>\n\t\t\t\t\t\t<\/div>\n\t\t\t\t\t<\/div>\n\t\t<\/div>\n\t\t\t\t<div class=\"elementor-column elementor-col-50 elementor-inner-column elementor-element elementor-element-57370c7\" data-id=\"57370c7\" data-element_type=\"column\">\n\t\t\t<div class=\"elementor-column-wrap elementor-element-populated\">\n\t\t\t\t\t\t\t<div class=\"elementor-widget-wrap\">\n\t\t\t\t\t\t<div class=\"elementor-element elementor-element-3adcbb8 elementor-widget elementor-widget-heading\" data-id=\"3adcbb8\" data-element_type=\"widget\" data-widget_type=\"heading.default\">\n\t\t\t\t<div class=\"elementor-widget-container\">\n\t\t\t<h5 class=\"elementor-heading-title elementor-size-default\">2023 Las Vegas Challenge Final B9<\/h5>\t\t<\/div>\n\t\t\t\t<\/div>\n\t\t\t\t<div class=\"elementor-element elementor-element-e0b3a37 elementor-widget elementor-widget-heading\" data-id=\"e0b3a37\" data-element_type=\"widget\" data-widget_type=\"heading.default\">\n\t\t\t\t<div class=\"elementor-widget-container\">\n\t\t\t<span class=\"elementor-heading-title elementor-size-default\">Eine aktuelle unglaublich spannende Finalrunde mit einem unglaublichen Finish. Hier zeigen Calvin Heimburg und Kevin Jones wie knapp ein Finale sein kann. Unglaublich!<\/span>\t\t<\/div>\n\t\t\t\t<\/div>\n\t\t\t\t<div class=\"elementor-element elementor-element-c0e3199 elementor-aspect-ratio-169 elementor-widget elementor-widget-video\" data-id=\"c0e3199\" data-element_type=\"widget\" data-settings=\"{&quot;aspect_ratio&quot;:&quot;169&quot;}\" data-widget_type=\"video.default\">\n\t\t\t\t<div class=\"elementor-widget-container\">\n\t\t\t\t\t<div class=\"elementor-wrapper elementor-fit-aspect-ratio elementor-open-inline\">\n\t\t\t<iframe class=\"elementor-video-iframe\" allowfullscreen title=\"youtube Video Player\" src=\"https:\/\/www.youtube-nocookie.com\/embed\/VEinrl_iaI0?feature=oembed&amp;start&amp;end&amp;wmode=opaque&amp;loop=0&amp;controls=1&amp;mute=0&amp;rel=0&amp;modestbranding=0\"><\/iframe>\t\t<\/div>\n\t\t\t\t<\/div>\n\t\t\t\t<\/div>\n\t\t\t\t\t\t<\/div>\n\t\t\t\t\t<\/div>\n\t\t<\/div>\n\t\t\t\t\t\t\t\t<\/div>\n\t\t\t\t\t<\/div>\n\t\t<\/section>\n\t\t\t\t\t\t<\/div>\n\t\t\t\t\t<\/div>\n\t\t<\/div>\n\t\t\t\t\t\t\t\t<\/div>\n\t\t\t\t\t<\/div>\n\t\t<\/section>\n\t\t\t\t<section class=\"elementor-section elementor-top-section elementor-element elementor-element-bb9aa09 elementor-section-boxed elementor-section-height-default elementor-section-height-default\" data-id=\"bb9aa09\" data-element_type=\"section\">\n\t\t\t\t\t\t<div class=\"elementor-container elementor-column-gap-default\">\n\t\t\t\t\t\t\t<div class=\"elementor-row\">\n\t\t\t\t\t<div class=\"elementor-column elementor-col-100 elementor-top-column elementor-element elementor-element-4f31452\" data-id=\"4f31452\" data-element_type=\"column\">\n\t\t\t<div class=\"elementor-column-wrap\">\n\t\t\t\t\t\t\t<div class=\"elementor-widget-wrap\">\n\t\t\t\t\t\t\t\t<\/div>\n\t\t\t\t\t<\/div>\n\t\t<\/div>\n\t\t\t\t\t\t\t\t<\/div>\n\t\t\t\t\t<\/div>\n\t\t<\/section>\n\t\t\t\t\t\t<\/div>\n\t\t\t\t\t\t<\/div>\n\t\t\t\t\t<\/div>\n\t\t","protected":false},"excerpt":{"rendered":"<p>Was ist Discgolf? Disc Golf ist eine junge Sportart, die in den 70er Jahren in den USA entwickelt wurde. 1979\/80 bildeten sich in Deutschland erste Disc Golf-Gruppen. Ziel beim Disc Golf ist, einen Kurs von meist 18 Bahnen mit m\u00f6glichst wenigen W\u00fcr\u00ad\u00adfen zu absolvieren. Von einer festgelegten Abwurfzone aus wirft der Spieler die Scheibe in&hellip;&nbsp;<a href=\"http:\/\/phoenixbeckum.de\/?page_id=826\" class=\"\" rel=\"bookmark\">Weiterlesen &raquo;<span class=\"screen-reader-text\">Was ist Discgolf?<\/span><\/a><\/p>\n","protected":false},"author":1,"featured_media":0,"parent":0,"menu_order":0,"comment_status":"closed","ping_status":"closed","template":"elementor_header_footer","meta":{"neve_meta_sidebar":"full-width","neve_meta_container":"default","neve_meta_enable_content_width":"on","neve_meta_content_width":100,"neve_meta_title_alignment":"","neve_meta_author_avatar":"","neve_post_elements_order":"","neve_meta_disable_header":"off","neve_meta_disable_footer":"off","neve_meta_disable_title":"off","footnotes":""},"_links":{"self":[{"href":"http:\/\/phoenixbeckum.de\/index.php?rest_route=\/wp\/v2\/pages\/826"}],"collection":[{"href":"http:\/\/phoenixbeckum.de\/index.php?rest_route=\/wp\/v2\/pages"}],"about":[{"href":"http:\/\/phoenixbeckum.de\/index.php?rest_route=\/wp\/v2\/types\/page"}],"author":[{"embeddable":true,"href":"http:\/\/phoenixbeckum.de\/index.php?rest_route=\/wp\/v2\/users\/1"}],"replies":[{"embeddable":true,"href":"http:\/\/phoenixbeckum.de\/index.php?rest_route=%2Fwp%2Fv2%2Fcomments&post=826"}],"version-history":[{"count":35,"href":"http:\/\/phoenixbeckum.de\/index.php?rest_route=\/wp\/v2\/pages\/826\/revisions"}],"predecessor-version":[{"id":1344,"href":"http:\/\/phoenixbeckum.de\/index.php?rest_route=\/wp\/v2\/pages\/826\/revisions\/1344"}],"wp:attachment":[{"href":"http:\/\/phoenixbeckum.de\/index.php?rest_route=%2Fwp%2Fv2%2Fmedia&parent=826"}],"curies":[{"name":"wp","href":"https:\/\/api.w.org\/{rel}","templated":true}]}}